{"id":854448535,"date":"2020-11-02T09:37:55","date_gmt":"2020-11-02T09:37:55","guid":{"rendered":"http:\/\/asbyt.com\/?product=pipo-x4-rugged-tablet-pc-4gb-64gb-black"},"modified":"2020-12-08T21:35:17","modified_gmt":"2020-12-08T21:35:17","slug":"pipo-x4-rugged-tablet-pc-4gb-64gb-black","status":"publish","type":"product","link":"https:\/\/asbyt.com\/?product=pipo-x4-rugged-tablet-pc-4gb-64gb-black","title":{"rendered":"PIPO X4 Rugged Tablet PC 4GB 64GB Black"},"content":{"rendered":"<p>Highlights  CPU: Intel Cherry Trail x5-Z8350, Quad Core  Adopt Intel Speed Shift technology enables the system to achieve Core frequency more quickly. Super ability to manage image, whether it is games or design, can be fun to show.  \u00a0  IP67 Water Resistant  IP67 Professional protection level, support swimming (not hot water bath and hot water)  \u00a0  12000mAh Battery  Can meet the current, power and the temperature and increase the performance dynamically.  \u00a0  10.1&#8243; Full HD IPS Display, 1920 x 1200 Screen Resolution  Experience the high definition content like never before.  \u00a0  RAM + ROM  4GB + 64GB offers ultra-fast surfing online, video playing and 3D gaming experience enhanced with LPDDR3 memory which makes all applications faster and has 20 percent lower power consumption saving, it will suit your all needs for work, study or play.  \u00a0  128GB TF Card Expansion  Accepts compatible card up to 128GB ( not included ) for easy expansion, no need worrying insufficient storage more.  \u00a0  Windows 10  The Latest systems make you work and entertain with more excellent interface, compatibility and running effect.  Specification General\t  Brand: PIPO Model: X4 Color: Black   System\t  Operating System: Windows 10 CPU: Intel Cherry Trail x5-Z8350, Quad Core, 1.44GHz~1.92GHz Display chip: Intel HD Graphic Gen 8 RAM:4GB ROM:64GB Extended Storage:128GB   Display\t  Screen type: capacitive screen Screen size:10.1\u00a0inch Screen resolution:1200*1920\u00a0IPS(16:10)   Network\t  Bluetooth:4.0 WiFi:802.11 ac\/b\/g\/n   Camera\tCamera type: Dual cameras (one front one back) Back camera:5.0MP Front camera:2.0MP Video recording: Yes Connectivit\t  TF card slot: Yes, independent TF card slot USB slot:USB2.0*1,Micro USB*1 Audio output: Yes Speaker: Built-in8\u03a9\/0.8W speaker x 1   Media\t  Video format:3GP, MP4, RMVB Audio format: WAV, AMR, MP3 Image format: GIF, JPEG, BMP, PNG FM radio: Yes   Language\tEnglish, Bahasa Indonesia, Bahasa Melayu, Cestina, Dansk, Deutsch, Espanol, Filipino, French, Hrvatski, Italiano, Latviesu, Lietuviu, Magyar, Nederlands, Norsk, Polish, Portuguese, Romana, Slovencina, Suomi, Svenska, Tieng viet, Turkish, Greek, Bulgarian, Russian, Ukrainian, Hebrew, Arabic, Thai, Khmer, Korean, Simplified\/Traditional Chinese Sensor\t  G-sensor: Yes Three-axis gyroscope: Yes Electronic compass: Yes Temperature sensor: NO The distance\/light sensor: Yes Barometric pressure sensor: Compatible   Additional features\t\u00a0WIFI, GPS, Bluetooth, Gesture Sensing, Ebook, Email, Messaging, wallpapers, calendar, calculator, clock, camera, Google Play Store, tethering &#038; portable hotspot, etc Battery\t  Battery type: Lithium Capacity:3.7V\/12000mAh battery Standby time: 12.5 days Talking Time:6H Charger:\u00a0USB, travel charger   Dimension &#038; Weight (Main Product)\t  Dimension:214.3*136.7*18.1mm Weight:800g   Package Contents\t  1 \u00d7 Tablet 1 \u00d7 USB cable 1 \u00d7 US Power adapter (A right AC Adapter will be sent as your shipping country)<\/p>\n","protected":false},"excerpt":{"rendered":"<p>Highlights CPU: Intel Cherry Trail x5-Z8350, Quad Core Adopt Intel Speed Shift technology enables the system to achieve Core frequency more quickly. Super ability to manage image, whether it is games or design, can be&hellip;<\/p>\n","protected":false},"featured_media":854448536,"comment_status":"closed","ping_status":"open","template":"","meta":[],"product_brand":[],"product_cat":[2293,2346],"product_tag":[2395],"class_list":{"0":"post-854448535","1":"product","2":"type-product","3":"status-publish","4":"has-post-thumbnail","6":"product_cat-computers-tablets-accessories","7":"product_cat-tablets","8":"product_tag-pipo","10":"first","11":"instock","12":"product-type-external"},"yoast_head":"<!-- This site is optimized with the Yoast SEO plugin v25.8 - https:\/\/yoast.com\/wordpress\/plugins\/seo\/ -->\n<title>Highlights CPU: Intel Cherry Trail x5-Z8350, Quad Core Adopt Intel Speed Shift technology enables the system to achieve Core frequency more quickly. Super<\/title>\n<meta name=\"robots\" content=\"index, follow, max-snippet:-1, max-image-preview:large, max-video-preview:-1\" \/>\n<link rel=\"canonical\" href=\"https:\/\/asbyt.com\/?product=pipo-x4-rugged-tablet-pc-4gb-64gb-black\" \/>\n<meta property=\"og:locale\" content=\"en_US\" \/>\n<meta property=\"og:type\" content=\"article\" \/>\n<meta property=\"og:title\" content=\"Highlights CPU: Intel Cherry Trail x5-Z8350, Quad Core Adopt Intel Speed Shift technology enables the system to achieve Core frequency more quickly. Super\" \/>\n<meta property=\"og:description\" content=\"Highlights CPU: Intel Cherry Trail x5-Z8350, Quad Core Adopt Intel Speed Shift technology enables the system to achieve Core frequency more quickly. Super ability to manage image, whether it is games or design, can be&hellip;\" \/>\n<meta property=\"og:url\" content=\"https:\/\/asbyt.com\/?product=pipo-x4-rugged-tablet-pc-4gb-64gb-black\" \/>\n<meta property=\"og:site_name\" content=\"Asbyt\" \/>\n<meta property=\"article:modified_time\" content=\"2020-12-08T21:35:17+00:00\" \/>\n<meta property=\"og:image\" content=\"https:\/\/asbyt.com\/wp-content\/uploads\/2020\/12\/pipo-x4-rugged-tablet-pc-4gb-64gb-black-1571984346633-1.jpg\" \/>\n\t<meta property=\"og:image:width\" content=\"1000\" \/>\n\t<meta property=\"og:image:height\" content=\"1000\" \/>\n\t<meta property=\"og:image:type\" content=\"image\/jpeg\" \/>\n<meta name=\"twitter:card\" content=\"summary_large_image\" \/>\n<meta name=\"twitter:label1\" content=\"Est. reading time\" \/>\n\t<meta name=\"twitter:data1\" content=\"2 minutes\" \/>\n<script type=\"application\/ld+json\" class=\"yoast-schema-graph\">{\"@context\":\"https:\/\/schema.org\",\"@graph\":[{\"@type\":\"WebPage\",\"@id\":\"https:\/\/asbyt.com\/?product=pipo-x4-rugged-tablet-pc-4gb-64gb-black\",\"url\":\"https:\/\/asbyt.com\/?product=pipo-x4-rugged-tablet-pc-4gb-64gb-black\",\"name\":\"Highlights CPU: Intel Cherry Trail x5-Z8350, Quad Core Adopt Intel Speed Shift technology enables the system to achieve Core frequency more quickly. Super\",\"isPartOf\":{\"@id\":\"https:\/\/asbyt.com\/#website\"},\"primaryImageOfPage\":{\"@id\":\"https:\/\/asbyt.com\/?product=pipo-x4-rugged-tablet-pc-4gb-64gb-black#primaryimage\"},\"image\":{\"@id\":\"https:\/\/asbyt.com\/?product=pipo-x4-rugged-tablet-pc-4gb-64gb-black#primaryimage\"},\"thumbnailUrl\":\"https:\/\/asbyt.com\/wp-content\/uploads\/2020\/12\/pipo-x4-rugged-tablet-pc-4gb-64gb-black-1571984346633-1.jpg\",\"datePublished\":\"2020-11-02T09:37:55+00:00\",\"dateModified\":\"2020-12-08T21:35:17+00:00\",\"breadcrumb\":{\"@id\":\"https:\/\/asbyt.com\/?product=pipo-x4-rugged-tablet-pc-4gb-64gb-black#breadcrumb\"},\"inLanguage\":\"en\",\"potentialAction\":[{\"@type\":\"ReadAction\",\"target\":[\"https:\/\/asbyt.com\/?product=pipo-x4-rugged-tablet-pc-4gb-64gb-black\"]}]},{\"@type\":\"ImageObject\",\"inLanguage\":\"en\",\"@id\":\"https:\/\/asbyt.com\/?product=pipo-x4-rugged-tablet-pc-4gb-64gb-black#primaryimage\",\"url\":\"https:\/\/asbyt.com\/wp-content\/uploads\/2020\/12\/pipo-x4-rugged-tablet-pc-4gb-64gb-black-1571984346633-1.jpg\",\"contentUrl\":\"https:\/\/asbyt.com\/wp-content\/uploads\/2020\/12\/pipo-x4-rugged-tablet-pc-4gb-64gb-black-1571984346633-1.jpg\",\"width\":1000,\"height\":1000},{\"@type\":\"BreadcrumbList\",\"@id\":\"https:\/\/asbyt.com\/?product=pipo-x4-rugged-tablet-pc-4gb-64gb-black#breadcrumb\",\"itemListElement\":[{\"@type\":\"ListItem\",\"position\":1,\"name\":\"Home\",\"item\":\"https:\/\/asbyt.com\/\"},{\"@type\":\"ListItem\",\"position\":2,\"name\":\"Shop\",\"item\":\"https:\/\/asbyt.com\/\"},{\"@type\":\"ListItem\",\"position\":3,\"name\":\"PIPO X4 Rugged Tablet PC 4GB 64GB Black\"}]},{\"@type\":\"WebSite\",\"@id\":\"https:\/\/asbyt.com\/#website\",\"url\":\"https:\/\/asbyt.com\/\",\"name\":\"Asbyt\",\"description\":\"\",\"potentialAction\":[{\"@type\":\"SearchAction\",\"target\":{\"@type\":\"EntryPoint\",\"urlTemplate\":\"https:\/\/asbyt.com\/?s={search_term_string}\"},\"query-input\":{\"@type\":\"PropertyValueSpecification\",\"valueRequired\":true,\"valueName\":\"search_term_string\"}}],\"inLanguage\":\"en\"}]}<\/script>\n<!-- \/ Yoast SEO plugin. -->","yoast_head_json":{"title":"Highlights CPU: Intel Cherry Trail x5-Z8350, Quad Core Adopt Intel Speed Shift technology enables the system to achieve Core frequency more quickly. Super","robots":{"index":"index","follow":"follow","max-snippet":"max-snippet:-1","max-image-preview":"max-image-preview:large","max-video-preview":"max-video-preview:-1"},"canonical":"https:\/\/asbyt.com\/?product=pipo-x4-rugged-tablet-pc-4gb-64gb-black","og_locale":"en_US","og_type":"article","og_title":"Highlights CPU: Intel Cherry Trail x5-Z8350, Quad Core Adopt Intel Speed Shift technology enables the system to achieve Core frequency more quickly. Super","og_description":"Highlights CPU: Intel Cherry Trail x5-Z8350, Quad Core Adopt Intel Speed Shift technology enables the system to achieve Core frequency more quickly. Super ability to manage image, whether it is games or design, can be&hellip;","og_url":"https:\/\/asbyt.com\/?product=pipo-x4-rugged-tablet-pc-4gb-64gb-black","og_site_name":"Asbyt","article_modified_time":"2020-12-08T21:35:17+00:00","og_image":[{"width":1000,"height":1000,"url":"https:\/\/asbyt.com\/wp-content\/uploads\/2020\/12\/pipo-x4-rugged-tablet-pc-4gb-64gb-black-1571984346633-1.jpg","type":"image\/jpeg"}],"twitter_card":"summary_large_image","twitter_misc":{"Est. reading time":"2 minutes"},"schema":{"@context":"https:\/\/schema.org","@graph":[{"@type":"WebPage","@id":"https:\/\/asbyt.com\/?product=pipo-x4-rugged-tablet-pc-4gb-64gb-black","url":"https:\/\/asbyt.com\/?product=pipo-x4-rugged-tablet-pc-4gb-64gb-black","name":"Highlights CPU: Intel Cherry Trail x5-Z8350, Quad Core Adopt Intel Speed Shift technology enables the system to achieve Core frequency more quickly. Super","isPartOf":{"@id":"https:\/\/asbyt.com\/#website"},"primaryImageOfPage":{"@id":"https:\/\/asbyt.com\/?product=pipo-x4-rugged-tablet-pc-4gb-64gb-black#primaryimage"},"image":{"@id":"https:\/\/asbyt.com\/?product=pipo-x4-rugged-tablet-pc-4gb-64gb-black#primaryimage"},"thumbnailUrl":"https:\/\/asbyt.com\/wp-content\/uploads\/2020\/12\/pipo-x4-rugged-tablet-pc-4gb-64gb-black-1571984346633-1.jpg","datePublished":"2020-11-02T09:37:55+00:00","dateModified":"2020-12-08T21:35:17+00:00","breadcrumb":{"@id":"https:\/\/asbyt.com\/?product=pipo-x4-rugged-tablet-pc-4gb-64gb-black#breadcrumb"},"inLanguage":"en","potentialAction":[{"@type":"ReadAction","target":["https:\/\/asbyt.com\/?product=pipo-x4-rugged-tablet-pc-4gb-64gb-black"]}]},{"@type":"ImageObject","inLanguage":"en","@id":"https:\/\/asbyt.com\/?product=pipo-x4-rugged-tablet-pc-4gb-64gb-black#primaryimage","url":"https:\/\/asbyt.com\/wp-content\/uploads\/2020\/12\/pipo-x4-rugged-tablet-pc-4gb-64gb-black-1571984346633-1.jpg","contentUrl":"https:\/\/asbyt.com\/wp-content\/uploads\/2020\/12\/pipo-x4-rugged-tablet-pc-4gb-64gb-black-1571984346633-1.jpg","width":1000,"height":1000},{"@type":"BreadcrumbList","@id":"https:\/\/asbyt.com\/?product=pipo-x4-rugged-tablet-pc-4gb-64gb-black#breadcrumb","itemListElement":[{"@type":"ListItem","position":1,"name":"Home","item":"https:\/\/asbyt.com\/"},{"@type":"ListItem","position":2,"name":"Shop","item":"https:\/\/asbyt.com\/"},{"@type":"ListItem","position":3,"name":"PIPO X4 Rugged Tablet PC 4GB 64GB Black"}]},{"@type":"WebSite","@id":"https:\/\/asbyt.com\/#website","url":"https:\/\/asbyt.com\/","name":"Asbyt","description":"","potentialAction":[{"@type":"SearchAction","target":{"@type":"EntryPoint","urlTemplate":"https:\/\/asbyt.com\/?s={search_term_string}"},"query-input":{"@type":"PropertyValueSpecification","valueRequired":true,"valueName":"search_term_string"}}],"inLanguage":"en"}]}},"_links":{"self":[{"href":"https:\/\/asbyt.com\/index.php?rest_route=\/wp\/v2\/product\/854448535","targetHints":{"allow":["GET"]}}],"collection":[{"href":"https:\/\/asbyt.com\/index.php?rest_route=\/wp\/v2\/product"}],"about":[{"href":"https:\/\/asbyt.com\/index.php?rest_route=\/wp\/v2\/types\/product"}],"replies":[{"embeddable":true,"href":"https:\/\/asbyt.com\/index.php?rest_route=%2Fwp%2Fv2%2Fcomments&post=854448535"}],"version-history":[{"count":0,"href":"https:\/\/asbyt.com\/index.php?rest_route=\/wp\/v2\/product\/854448535\/revisions"}],"wp:featuredmedia":[{"embeddable":true,"href":"https:\/\/asbyt.com\/index.php?rest_route=\/wp\/v2\/media\/854448536"}],"wp:attachment":[{"href":"https:\/\/asbyt.com\/index.php?rest_route=%2Fwp%2Fv2%2Fmedia&parent=854448535"}],"wp:term":[{"taxonomy":"product_brand","embeddable":true,"href":"https:\/\/asbyt.com\/index.php?rest_route=%2Fwp%2Fv2%2Fproduct_brand&post=854448535"},{"taxonomy":"product_cat","embeddable":true,"href":"https:\/\/asbyt.com\/index.php?rest_route=%2Fwp%2Fv2%2Fproduct_cat&post=854448535"},{"taxonomy":"product_tag","embeddable":true,"href":"https:\/\/asbyt.com\/index.php?rest_route=%2Fwp%2Fv2%2Fproduct_tag&post=854448535"}],"curies":[{"name":"wp","href":"https:\/\/api.w.org\/{rel}","templated":true}]}}